{"id":9297,"date":"2021-05-19T17:48:56","date_gmt":"2021-05-19T17:48:56","guid":{"rendered":"https:\/\/backup.luxury-drinks.com\/chateau-lassegue\/"},"modified":"2021-07-26T09:35:36","modified_gmt":"2021-07-26T08:35:36","slug":"chateau-lassegue","status":"publish","type":"page","link":"https:\/\/backup.luxury-drinks.com\/en\/chateau-lassegue\/","title":{"rendered":"Ch\u00e2teau Lassegue"},"content":{"rendered":"\t\t<div data-elementor-type=\"wp-page\" data-elementor-id=\"9297\" class=\"elementor elementor-9297 elementor-2523\" data-elementor-post-type=\"page\">\n\t\t\t\t\t\t<section class=\"elementor-section elementor-top-section elementor-element elementor-element-4058d7f elementor-section-content-middle elementor-section-boxed elementor-section-height-default elementor-section-height-default\" data-id=\"4058d7f\" data-element_type=\"section\" data-settings=\"{&quot;background_background&quot;:&quot;classic&quot;}\">\n\t\t\t\t\t\t<div class=\"elementor-container elementor-column-gap-no\">\n\t\t\t\t\t<div class=\"elementor-column elementor-col-100 elementor-top-column elementor-element elementor-element-3160bc8\" data-id=\"3160bc8\" data-element_type=\"column\" data-settings=\"{&quot;background_background&quot;:&quot;classic&quot;}\">\n\t\t\t<div class=\"elementor-widget-wrap elementor-element-populated\">\n\t\t\t\t\t\t<div class=\"elementor-element elementor-element-5ee1ba8 elementor-widget elementor-widget-image\" data-id=\"5ee1ba8\" data-element_type=\"widget\" data-widget_type=\"image.default\">\n\t\t\t\t\t\t\t\t\t\t\t\t\t\t\t<img fetchpriority=\"high\" decoding=\"async\" width=\"300\" height=\"257\" src=\"https:\/\/backup.luxury-drinks.com\/wp-content\/uploads\/2021\/02\/Chateau-Lassegue-300x257.png\" class=\"attachment-medium size-medium wp-image-9667\" alt=\"\" srcset=\"https:\/\/backup.luxury-drinks.com\/wp-content\/uploads\/2021\/02\/Chateau-Lassegue-300x257.png 300w, https:\/\/backup.luxury-drinks.com\/wp-content\/uploads\/2021\/02\/Chateau-Lassegue.png 400w\" sizes=\"(max-width: 300px) 100vw, 300px\" \/>\t\t\t\t\t\t\t\t\t\t\t\t\t\t\t<\/div>\n\t\t\t\t<div class=\"elementor-element elementor-element-705a04a elementor-view-default elementor-widget elementor-widget-icon\" data-id=\"705a04a\" data-element_type=\"widget\" data-widget_type=\"icon.default\">\n\t\t\t\t\t\t\t<div class=\"elementor-icon-wrapper\">\n\t\t\t<a class=\"elementor-icon\" href=\"https:\/\/backup.luxury-drinks.com\/en\/france\/\">\n\t\t\t<svg aria-hidden=\"true\" class=\"e-font-icon-svg e-fas-arrow-left\" viewBox=\"0 0 448 512\" xmlns=\"http:\/\/www.w3.org\/2000\/svg\"><path d=\"M257.5 445.1l-22.2 22.2c-9.4 9.4-24.6 9.4-33.9 0L7 273c-9.4-9.4-9.4-24.6 0-33.9L201.4 44.7c9.4-9.4 24.6-9.4 33.9 0l22.2 22.2c9.5 9.5 9.3 25-.4 34.3L136.6 216H424c13.3 0 24 10.7 24 24v32c0 13.3-10.7 24-24 24H136.6l120.5 114.8c9.8 9.3 10 24.8.4 34.3z\"><\/path><\/svg>\t\t\t<\/a>\n\t\t<\/div>\n\t\t\t\t\t\t<\/div>\n\t\t\t\t<div class=\"elementor-element elementor-element-5daf759 elementor-widget elementor-widget-text-editor\" data-id=\"5daf759\" data-element_type=\"widget\" data-widget_type=\"text-editor.default\">\n\t\t\t\t\t\t\t\t\t<p>Situated on the C\u00f4te de Saint-\u00c9milion, Ch\u00e2teau Lass\u00e8gue exemplifies the passion for winemaking and a rampant quest to create world-class wines. With its impressive 18th-century castle, permanently sunny vineyards and diverse soils, Ch\u00e2teau Lass\u00e8gue stands in a unique position to honor its heritage as it moves into a new era of wine traditions.<\/p>\n\t\t\t\t\t\t\t\t<\/div>\n\t\t\t\t<section class=\"elementor-section elementor-inner-section elementor-element elementor-element-b59e9d1 elementor-section-content-middle elementor-section-boxed elementor-section-height-default elementor-section-height-default\" data-id=\"b59e9d1\" data-element_type=\"section\">\n\t\t\t\t\t\t<div class=\"elementor-container elementor-column-gap-default\">\n\t\t\t\t\t<div class=\"elementor-column elementor-col-33 elementor-inner-column elementor-element elementor-element-128b598 elementor-invisible\" data-id=\"128b598\" data-element_type=\"column\" data-settings=\"{&quot;animation&quot;:&quot;fadeInLeft&quot;}\">\n\t\t\t<div class=\"elementor-widget-wrap elementor-element-populated\">\n\t\t\t\t\t\t<div class=\"elementor-element elementor-element-aa31201 elementor-widget elementor-widget-heading\" data-id=\"aa31201\" data-element_type=\"widget\" data-widget_type=\"heading.default\">\n\t\t\t\t\t<h2 class=\"elementor-heading-title elementor-size-default\">Chateau Lass\u00e8gue<\/h2>\t\t\t\t<\/div>\n\t\t\t\t<div class=\"elementor-element elementor-element-7fe2af8 elementor-widget elementor-widget-text-editor\" data-id=\"7fe2af8\" data-element_type=\"widget\" data-widget_type=\"text-editor.default\">\n\t\t\t\t\t\t\t\t\t<p>Ripe plums, black cherry liqueur and dried cassis provide sumptuous aromas, while notes of orange peel, toasted allspice, fresh cinnamon peel and dried tea leaves attract.<\/p>\n<p>A velvety palate, oriented towards Merlot, slowly opens into a bouquet of several layers of red fruits, toasted roasted spices, sweet bread and coffee beans.<\/p>\n<p>An iron-rich minerality provides a tense and complex structure, while fine-grained tannins and firm acidity grab the palate to sustain a long, elegant finish. This classic expression of Saint-\u00c9milion offers a double brilliance and sophistication that will continue to improve in the coming years. <\/p>\n\t\t\t\t\t\t\t\t<\/div>\n\t\t\t\t\t<\/div>\n\t\t<\/div>\n\t\t\t\t<div class=\"elementor-column elementor-col-33 elementor-inner-column elementor-element elementor-element-bf23ccf elementor-invisible\" data-id=\"bf23ccf\" data-element_type=\"column\" data-settings=\"{&quot;animation&quot;:&quot;fadeInRight&quot;}\">\n\t\t\t<div class=\"elementor-widget-wrap elementor-element-populated\">\n\t\t\t\t\t\t<div class=\"elementor-element elementor-element-a43e13a elementor-widget elementor-widget-image\" data-id=\"a43e13a\" data-element_type=\"widget\" data-widget_type=\"image.default\">\n\t\t\t\t\t\t\t\t\t\t\t\t\t\t\t<img decoding=\"async\" src=\"https:\/\/backup.luxury-drinks.com\/wp-content\/uploads\/elementor\/thumbs\/lassegue-ql60npw08wnpl36j0dnx4miah834yyo8mzc98owges.png\" title=\"lassegue\" alt=\"lassegue\" loading=\"lazy\" \/>\t\t\t\t\t\t\t\t\t\t\t\t\t\t\t<\/div>\n\t\t\t\t\t<\/div>\n\t\t<\/div>\n\t\t\t\t<div class=\"elementor-column elementor-col-33 elementor-inner-column elementor-element elementor-element-025122d elementor-invisible\" data-id=\"025122d\" data-element_type=\"column\" data-settings=\"{&quot;animation&quot;:&quot;fadeIn&quot;,&quot;background_background&quot;:&quot;classic&quot;}\">\n\t\t\t<div class=\"elementor-widget-wrap elementor-element-populated\">\n\t\t\t\t\t\t<div class=\"elementor-element elementor-element-526834b elementor-view-framed elementor-widget__width-initial elementor-shape-circle elementor-widget elementor-widget-icon\" data-id=\"526834b\" data-element_type=\"widget\" data-widget_type=\"icon.default\">\n\t\t\t\t\t\t\t<div class=\"elementor-icon-wrapper\">\n\t\t\t<div class=\"elementor-icon\">\n\t\t\t<svg xmlns=\"http:\/\/www.w3.org\/2000\/svg\" xmlns:xlink=\"http:\/\/www.w3.org\/1999\/xlink\" id=\"Capa_1\" x=\"0px\" y=\"0px\" viewBox=\"0 0 320.6 320.6\" style=\"enable-background:new 0 0 320.6 320.6;\" xml:space=\"preserve\"><style type=\"text\/css\">\t.st0{fill:#FAFFFA;}<\/style><g>\t<g id=\"Layer_5_90_\">\t\t<g>\t\t\t<path class=\"st0\" d=\"M139.2,124.5c12.4-13.4,19.2-31.4,19.2-50.7C158.4,37.1,132.2,0,82.1,0c-23.3,0-43,8-56.9,23.2     C12.9,36.6,6.2,54.6,6.2,73.8c0,36.7,26.1,73.8,76,73.8C105.5,147.6,125.3,139.6,139.2,124.5z M82.1,34.3     c27.4,0,39.9,20.5,39.9,39.5c0,10.4-3.5,19.9-9.8,27c-7.1,7.9-17.3,12-29.7,12c-28.1,0-41-20.5-41-39.5     C41.6,53.9,54.1,34.3,82.1,34.3z\"><\/path>\t\t\t<path class=\"st0\" d=\"M264.3,28.5c-4.5,0.1-10.7,2.9-13.8,6.3L25.2,285.3c-3,3.4-0.9,8.1,3.7,8.1h29.5c4.5,0,10.7-2.8,13.8-6.1     L296,36.8c3-3.4,2.8-8.9-4.7-8.9L264.3,28.5z\"><\/path>\t\t\t<path class=\"st0\" d=\"M239.6,175.8c-22.9,0-42.1,7.9-55.8,22.7c-12.1,13.2-18.7,30.8-18.7,49.7c0,36,25.6,72.4,74.5,72.4     c23,0,42.3-7.9,56-22.7c12.1-13.2,18.8-30.8,18.8-49.7C314.5,212.3,288.8,175.8,239.6,175.8z M240.1,287.4     c-27.4,0-39.8-20.6-39.8-39.6c0-10.4,3.5-20,9.8-27.1c7.1-7.9,17.3-12.1,29.6-12.1c27.4,0,39.8,20.6,39.8,39.7     c0,10.4-3.5,20-9.8,27.1C262.6,283.2,252.4,287.4,240.1,287.4z\"><\/path>\t\t<\/g>\t<\/g><\/g><\/svg>\t\t\t<\/div>\n\t\t<\/div>\n\t\t\t\t\t\t<\/div>\n\t\t\t\t<div class=\"elementor-element elementor-element-50031dd elementor-view-framed elementor-widget__width-initial elementor-shape-circle elementor-widget elementor-widget-icon\" data-id=\"50031dd\" data-element_type=\"widget\" data-widget_type=\"icon.default\">\n\t\t\t\t\t\t\t<div class=\"elementor-icon-wrapper\">\n\t\t\t<div class=\"elementor-icon\">\n\t\t\t<svg aria-hidden=\"true\" class=\"e-font-icon-svg e-fas-temperature-low\" viewBox=\"0 0 512 512\" xmlns=\"http:\/\/www.w3.org\/2000\/svg\"><path d=\"M416 0c-52.9 0-96 43.1-96 96s43.1 96 96 96 96-43.1 96-96-43.1-96-96-96zm0 128c-17.7 0-32-14.3-32-32s14.3-32 32-32 32 14.3 32 32-14.3 32-32 32zm-160-16C256 50.1 205.9 0 144 0S32 50.1 32 112v166.5C12.3 303.2 0 334 0 368c0 79.5 64.5 144 144 144s144-64.5 144-144c0-34-12.3-64.9-32-89.5V112zM144 448c-44.1 0-80-35.9-80-80 0-25.5 12.2-48.9 32-63.8V112c0-26.5 21.5-48 48-48s48 21.5 48 48v192.2c19.8 14.8 32 38.3 32 63.8 0 44.1-35.9 80-80 80zm16-125.1V304c0-8.8-7.2-16-16-16s-16 7.2-16 16v18.9c-18.6 6.6-32 24.2-32 45.1 0 26.5 21.5 48 48 48s48-21.5 48-48c0-20.9-13.4-38.5-32-45.1z\"><\/path><\/svg>\t\t\t<\/div>\n\t\t<\/div>\n\t\t\t\t\t\t<\/div>\n\t\t\t\t<div class=\"elementor-element elementor-element-1213d88 elementor-widget__width-initial elementor-widget elementor-widget-text-editor\" data-id=\"1213d88\" data-element_type=\"widget\" data-widget_type=\"text-editor.default\">\n\t\t\t\t\t\t\t\t\t<p style=\"text-align: center;\">13<\/p>\n\t\t\t\t\t\t\t\t<\/div>\n\t\t\t\t<div class=\"elementor-element elementor-element-04fecdf elementor-widget__width-initial elementor-widget elementor-widget-text-editor\" data-id=\"04fecdf\" data-element_type=\"widget\" data-widget_type=\"text-editor.default\">\n\t\t\t\t\t\t\t\t\t<p style=\"text-align: center;\">16-18\u00ba<\/p>\n\t\t\t\t\t\t\t\t<\/div>\n\t\t\t\t<div class=\"elementor-element elementor-element-a8b3c9d elementor-widget-divider--view-line elementor-widget elementor-widget-divider\" data-id=\"a8b3c9d\" data-element_type=\"widget\" data-widget_type=\"divider.default\">\n\t\t\t\t\t\t\t<div class=\"elementor-divider\">\n\t\t\t<span class=\"elementor-divider-separator\">\n\t\t\t\t\t\t<\/span>\n\t\t<\/div>\n\t\t\t\t\t\t<\/div>\n\t\t\t\t<div class=\"elementor-element elementor-element-7108954 elementor-view-framed elementor-shape-circle elementor-widget elementor-widget-icon\" data-id=\"7108954\" data-element_type=\"widget\" data-widget_type=\"icon.default\">\n\t\t\t\t\t\t\t<div class=\"elementor-icon-wrapper\">\n\t\t\t<div class=\"elementor-icon\">\n\t\t\t<svg xmlns=\"http:\/\/www.w3.org\/2000\/svg\" xmlns:xlink=\"http:\/\/www.w3.org\/1999\/xlink\" id=\"Capa_1\" x=\"0px\" y=\"0px\" viewBox=\"0 0 465.1 465.1\" style=\"enable-background:new 0 0 465.1 465.1;\" xml:space=\"preserve\"><style type=\"text\/css\">\t.st0{fill:#FFFFFF;}<\/style><g>\t<g>\t\t<path class=\"st0\" d=\"M73.5,465.1c25.3,0,47.3-14.4,58.4-35.4c-10.9-9.8-19.1-22.6-23.2-37.1c-5.4,1.2-11,1.9-16.8,1.9    c-28.9,0-54.1-15.8-67.6-39.1c-10.4,11.7-16.7,27-16.7,43.8C7.6,435.5,37.2,465.1,73.5,465.1z\"><\/path>\t\t<path class=\"st0\" d=\"M30.9,341.2c0.8,1.9,1.7,3.8,2.6,5.7c11,21,33.1,35.5,58.4,35.5c4.9,0,9.8-0.6,14.4-1.6c-0.3-3-0.6-6-0.6-9.1    c0-9.5,1.8-18.5,4.9-26.9c0.7-2,1.5-3.9,2.4-5.7c0.9-1.8,1.7-3.7,2.7-5.4c4.7-8.4,10.9-15.8,18.2-21.9    c-33.2-1.7-61-24.1-70.6-54.5C41.3,267.7,26,290.3,26,316.4c0,6.5,1,12.9,2.8,18.8C29.4,337.3,30.1,339.3,30.9,341.2z\"><\/path>\t\t<path class=\"st0\" d=\"M169.6,324.5c-2.5-4.9-4.6-10.2-6-15.6c0,0,0,0-0.1,0c-2,0.7-4,1.4-6,2.3c-13.8,6-25.1,16.6-32.1,29.9    c-1,1.9-1.9,3.8-2.7,5.7c-0.8,2.1-1.6,4.2-2.2,6.4c-1.7,5.9-2.7,12.1-2.7,18.5c0,1.8,0.1,3.5,0.3,5.3c0.2,2.1,0.4,4.2,0.8,6.3    c0.4,2,0.8,4,1.4,6c3,10.9,8.7,20.7,16.4,28.6c1.6,1.6,3.2,3.1,4.9,4.6c1.6,1.4,3.3,2.6,5.1,3.8c10.6,7.2,23.3,11.5,37.1,11.5    c36.4,0,65.9-29.6,65.9-65.9c0-1.8-0.1-3.6-0.3-5.4c-3.4,0.5-6.9,0.8-10.5,0.8C208.8,366.9,182.6,349.7,169.6,324.5z\"><\/path>\t\t<path class=\"st0\" d=\"M73.3,246.9c0.4,2,0.9,4,1.5,5.9c8.2,27,33.4,46.8,63.1,46.8c5.9,0,11.6-0.9,17.1-2.3c2-0.5,3.9-1.2,5.8-1.9    c0.1-0.1,0.3-0.1,0.4-0.2c-0.2-2.1-0.3-4.3-0.3-6.4c0-2.7,0.1-5.4,0.4-8.1c1.9-18.7,10.5-35.4,23.3-47.9    c-7.9-11.1-13-24.3-14.2-38.6c-9.9,4.6-20.9,7.2-32.6,7.2c-17.2,0-33-5.6-45.9-15c-12.3,12-20.1,28.7-20.1,47.3    c0,2.4,0.2,4.8,0.4,7.2C72.6,242.9,72.9,244.9,73.3,246.9z\"><\/path>\t\t<path class=\"st0\" d=\"M259.3,351.5c12.2-4,22.9-11.4,30.9-21.2c-17.2-14.3-28.1-35.9-28.1-59.9c0-2,0.2-4,0.3-6    c-4.6,0.8-9.3,1.3-14.1,1.3c-12.9,0-25.1-3.2-35.8-8.8c-1.9-1-3.7-2-5.5-3.1c-1.8-1.1-3.6-2.4-5.3-3.7c-3.3-2.4-6.4-5.1-9.2-8    c-11.9,11.9-19.3,28.4-19.3,46.6c0,0.2,0,0.3,0,0.5c0,1.7,0.1,3.3,0.3,5c0.1,0.6,0.1,1.3,0.2,1.9c0.2,1.4,0.4,2.7,0.6,4.1    c0.1,0.8,0.2,1.5,0.4,2.3c0.3,1.2,0.6,2.4,0.9,3.6c7.7,27.9,33.2,48.5,63.5,48.5c2.8,0,5.6-0.2,8.4-0.6c2-0.3,4.1-0.6,6-1    C255.4,352.7,257.4,352.2,259.3,351.5z\"><\/path>\t\t<path class=\"st0\" d=\"M96.6,174.6c1.7,1.4,3.4,2.6,5.3,3.8c10.4,6.8,22.7,10.8,36,10.8c11.9,0,23-3.2,32.6-8.7    c0.1-1.3,0.3-2.6,0.5-3.8c0.3-2.2,0.7-4.3,1.2-6.4c0.5-2,0.9-4,1.6-6c5.3-16.7,16-31,30.1-40.8c0-0.1,0-0.1,0-0.2    c0-36.4-29.6-65.9-65.9-65.9S72,86.9,72,123.3c0,18.5,7.7,35.3,20.1,47.3C93.5,172,95,173.3,96.6,174.6z\"><\/path>\t\t<path class=\"st0\" d=\"M184.9,169.4c-0.2,0.6-0.3,1.1-0.4,1.7c-0.6,2.1-1,4.3-1.3,6.6c-0.1,0.6-0.2,1.2-0.3,1.9    c-0.2,1.9-0.4,3.7-0.4,5.7c0,0.8-0.1,1.5-0.1,2.3c0,0.1,0,0.1,0,0.2c0,13.9,4.3,26.8,11.7,37.4c1.2,1.7,2.4,3.3,3.7,4.8    c1.3,1.6,2.7,3.1,4.2,4.5c0.6,0.6,1.3,1.1,1.9,1.7c1.9,1.7,3.8,3.3,5.9,4.8c1.8,1.3,3.7,2.5,5.6,3.7c9.7,5.7,21,9,33.1,9    c5.6,0,11-0.8,16.2-2.1c1.7-6.9,4.3-13.5,7.8-19.5c1-1.8,2-3.5,3.2-5.2c1.1-1.7,2.4-3.3,3.6-4.9c8.9-11.1,20.7-19.8,34.3-24.7    c0.4-3.1,0.8-6.2,0.8-9.5c0-17.6-7-33.6-18.3-45.5c0.8-2.1,1.6-4.2,2.5-6.2c0.9-1.9,1.8-3.8,2.8-5.7c24-48.2,70.8-77.1,120-97.6    c19.1-8,10.7-39.4-8.6-31.4c-58.2,24.3-110.2,57.2-139.1,112.4c-0.9,1.8-1.8,3.7-2.7,5.5c-0.9,1.8-1.8,3.6-2.7,5.5    c-6.3-2-12.9-3-19.8-3c-11.9,0-23,3.2-32.6,8.7c-2.3,1.3-4.6,2.8-6.8,4.5c-2.7,2-5.3,4.2-7.7,6.7    C193.7,149.2,188,158.8,184.9,169.4z\"><\/path>\t\t<path class=\"st0\" d=\"M297.1,320.2c1.6,1.3,3.2,2.6,4.8,3.8c1.6,1.2,3.3,2.3,5.1,3.3c9.8,5.7,21.1,9.1,33.2,9.1    c36.4,0,65.9-29.6,65.9-65.9c0-36.4-29.6-65.9-65.9-65.9c-5.6,0-11,0.8-16.2,2.1c-2.3,0.6-4.6,1.3-6.8,2.1c-2.6,1-5.2,2.1-7.7,3.4    c-7.9,4.2-14.8,9.9-20.3,16.7c-1.3,1.6-2.5,3.2-3.6,4.9c-1.2,1.7-2.2,3.5-3.2,5.3c-1.2,2.2-2.2,4.5-3.2,6.8c-1,2.6-1.9,5.3-2.6,8    c-0.6,2.3-1.1,4.6-1.4,7c-0.4,3.1-0.8,6.2-0.8,9.5C274.3,290.3,283.1,308,297.1,320.2z\"><\/path>\t\t<path class=\"st0\" d=\"M457.5,174.2c0,0-50.4-148.3-110.6-74.8C286.8,172.8,415.5,202.6,457.5,174.2z\"><\/path>\t<\/g><\/g><\/svg>\t\t\t<\/div>\n\t\t<\/div>\n\t\t\t\t\t\t<\/div>\n\t\t\t\t<div class=\"elementor-element elementor-element-65af7ed elementor-widget elementor-widget-text-editor\" data-id=\"65af7ed\" data-element_type=\"widget\" data-widget_type=\"text-editor.default\">\n\t\t\t\t\t\t\t\t\t<p>Merlot, Cabernet Franc, Cabernet Sauvignon<\/p>\n\t\t\t\t\t\t\t\t<\/div>\n\t\t\t\t<div class=\"elementor-element elementor-element-c42d832 elementor-widget-divider--view-line elementor-widget elementor-widget-divider\" data-id=\"c42d832\" data-element_type=\"widget\" data-widget_type=\"divider.default\">\n\t\t\t\t\t\t\t<div class=\"elementor-divider\">\n\t\t\t<span class=\"elementor-divider-separator\">\n\t\t\t\t\t\t<\/span>\n\t\t<\/div>\n\t\t\t\t\t\t<\/div>\n\t\t\t\t<div class=\"elementor-element elementor-element-e7c9624 elementor-view-framed elementor-shape-circle elementor-widget elementor-widget-icon\" data-id=\"e7c9624\" data-element_type=\"widget\" data-widget_type=\"icon.default\">\n\t\t\t\t\t\t\t<div class=\"elementor-icon-wrapper\">\n\t\t\t<div class=\"elementor-icon\">\n\t\t\t<svg xmlns=\"http:\/\/www.w3.org\/2000\/svg\" xmlns:xlink=\"http:\/\/www.w3.org\/1999\/xlink\" id=\"Capa_1\" x=\"0px\" y=\"0px\" viewBox=\"0 0 495.3 495.3\" style=\"enable-background:new 0 0 495.3 495.3;\" xml:space=\"preserve\"><style type=\"text\/css\">\t.st0{fill:#FFFFFF;}<\/style><g id=\"cutlery-6\">\t<path class=\"st0\" d=\"M68.8,88c-2.9,0-5.3,2.4-5.3,5.3v65.2c0,2.9-2.4,5.3-5.3,5.3c-2.9,0-5.3-2.4-5.3-5.3V93.3   c0-2.9-2.4-5.3-5.3-5.3h-0.1c-2.9,0-5.3,2.4-5.3,5.3v65.2c0,2.9-2.4,5.3-5.3,5.3c-2.9,0-5.3-2.4-5.3-5.3V93.3   c0-2.9-2.4-5.3-5.3-5.3h-0.1c-2.9,0-5.3,2.4-5.3,5.3v65.2c0,2.9-2.4,5.3-5.3,5.3c-3,0-5.3-2.4-5.3-5.3V93.3c0-2.9-2.4-5.3-5.3-5.3   c-2.8,0-5,2.2-5,5c0,16.5,0,68.2,0,70.4c0,21.5,7.2,33.2,18,38.7c8.7,4.4,13.8,13.7,12.8,23.4L15.3,383.5   c-0.6,6.1,1.4,12.2,5.5,16.7c4.1,4.6,10,7.1,16.1,7.1c6.1,0,12-2.6,16.1-7.1c4.1-4.5,6.1-10.6,5.5-16.7L43.1,225.4   c-0.9-9.7,4.1-19,12.8-23.4c10.8-5.5,18-17.2,18-38.7c0-2.2,0-53.9,0-70.4C73.8,90.2,71.6,88,68.8,88z\"><\/path>\t<path class=\"st0\" d=\"M481,238.8c2,0,3.6-1.6,3.6-3.6V94.4c0-3.5-2.9-6.4-6.4-6.4c-3.1,0-5.7,2-6.6,4.9l-22.1,76.9   c-6.4,22.5-2.5,46.7,10.8,66c1.3,1.9,3.4,3,5.7,3L452,383.5c-0.6,6.1,1.4,12.2,5.5,16.7c4.1,4.6,10,7.1,16.1,7.1s12-2.6,16.1-7.1   c4.1-4.5,6.1-10.6,5.5-16.7L481,238.8z\"><\/path>\t<path class=\"st0\" d=\"M255.7,82.7c-91.1,0-165,73.9-165,165c0,91.1,73.9,165,165,165c91.1,0,165-73.9,165-165   C420.7,156.5,346.8,82.7,255.7,82.7z M255.7,365.5c-64.9,0-117.8-52.8-117.8-117.8s52.8-117.8,117.8-117.8   c65,0,117.8,52.9,117.8,117.8S320.6,365.5,255.7,365.5z\"><\/path>\t<path class=\"st0\" d=\"M255.7,146.4c-55.8,0-101.2,45.4-101.2,101.2c0,55.8,45.4,101.2,101.2,101.2c55.8,0,101.2-45.4,101.2-101.2   C356.9,191.8,311.5,146.4,255.7,146.4z\"><\/path><\/g><\/svg>\t\t\t<\/div>\n\t\t<\/div>\n\t\t\t\t\t\t<\/div>\n\t\t\t\t<div class=\"elementor-element elementor-element-08d2c05 elementor-widget elementor-widget-text-editor\" data-id=\"08d2c05\" data-element_type=\"widget\" data-widget_type=\"text-editor.default\">\n\t\t\t\t\t\t\t\t\t<p>Classic meat dishes, game, roast chicken, roast meals, saut\u00e9ed and grilled dishes<\/p>\n\t\t\t\t\t\t\t\t<\/div>\n\t\t\t\t\t<\/div>\n\t\t<\/div>\n\t\t\t\t\t<\/div>\n\t\t<\/section>\n\t\t\t\t\t<\/div>\n\t\t<\/div>\n\t\t\t\t\t<\/div>\n\t\t<\/section>\n\t\t\t\t<\/div>\n\t\t","protected":false},"excerpt":{"rendered":"<p>Situated on the C\u00f4te de Saint-\u00c9milion, Ch\u00e2teau Lass\u00e8gue exemplifies the passion for winemaking and a rampant quest to create world-class wines. With its impressive 18th-century castle, permanently sunny vineyards and diverse soils, Ch\u00e2teau Lass\u00e8gue stands in a unique position to honor its heritage as it moves into a new era of wine traditions. Chateau Lass\u00e8gue [&hellip;]<\/p>\n","protected":false},"author":6,"featured_media":0,"parent":0,"menu_order":0,"comment_status":"closed","ping_status":"closed","template":"elementor_canvas","meta":{"ocean_post_layout":"","ocean_both_sidebars_style":"","ocean_both_sidebars_content_width":0,"ocean_both_sidebars_sidebars_width":0,"ocean_sidebar":"0","ocean_second_sidebar":"0","ocean_disable_margins":"enable","ocean_add_body_class":"","ocean_shortcode_before_top_bar":"","ocean_shortcode_after_top_bar":"","ocean_shortcode_before_header":"","ocean_shortcode_after_header":"","ocean_has_shortcode":"","ocean_shortcode_after_title":"","ocean_shortcode_before_footer_widgets":"","ocean_shortcode_after_footer_widgets":"","ocean_shortcode_before_footer_bottom":"","ocean_shortcode_after_footer_bottom":"","ocean_display_top_bar":"default","ocean_display_header":"default","ocean_header_style":"","ocean_center_header_left_menu":"0","ocean_custom_header_template":"0","ocean_custom_logo":0,"ocean_custom_retina_logo":0,"ocean_custom_logo_max_width":0,"ocean_custom_logo_tablet_max_width":0,"ocean_custom_logo_mobile_max_width":0,"ocean_custom_logo_max_height":0,"ocean_custom_logo_tablet_max_height":0,"ocean_custom_logo_mobile_max_height":0,"ocean_header_custom_menu":"0","ocean_menu_typo_font_family":"0","ocean_menu_typo_font_subset":"","ocean_menu_typo_font_size":0,"ocean_menu_typo_font_size_tablet":0,"ocean_menu_typo_font_size_mobile":0,"ocean_menu_typo_font_size_unit":"px","ocean_menu_typo_font_weight":"","ocean_menu_typo_font_weight_tablet":"","ocean_menu_typo_font_weight_mobile":"","ocean_menu_typo_transform":"","ocean_menu_typo_transform_tablet":"","ocean_menu_typo_transform_mobile":"","ocean_menu_typo_line_height":0,"ocean_menu_typo_line_height_tablet":0,"ocean_menu_typo_line_height_mobile":0,"ocean_menu_typo_line_height_unit":"","ocean_menu_typo_spacing":0,"ocean_menu_typo_spacing_tablet":0,"ocean_menu_typo_spacing_mobile":0,"ocean_menu_typo_spacing_unit":"","ocean_menu_link_color":"","ocean_menu_link_color_hover":"","ocean_menu_link_color_active":"","ocean_menu_link_background":"","ocean_menu_link_hover_background":"","ocean_menu_link_active_background":"","ocean_menu_social_links_bg":"","ocean_menu_social_hover_links_bg":"","ocean_menu_social_links_color":"","ocean_menu_social_hover_links_color":"","ocean_disable_title":"default","ocean_disable_heading":"default","ocean_post_title":"","ocean_post_subheading":"","ocean_post_title_style":"","ocean_post_title_background_color":"","ocean_post_title_background":0,"ocean_post_title_bg_image_position":"","ocean_post_title_bg_image_attachment":"","ocean_post_title_bg_image_repeat":"","ocean_post_title_bg_image_size":"","ocean_post_title_height":0,"ocean_post_title_bg_overlay":0.5,"ocean_post_title_bg_overlay_color":"","ocean_disable_breadcrumbs":"default","ocean_breadcrumbs_color":"","ocean_breadcrumbs_separator_color":"","ocean_breadcrumbs_links_color":"","ocean_breadcrumbs_links_hover_color":"","ocean_display_footer_widgets":"default","ocean_display_footer_bottom":"default","ocean_custom_footer_template":"0","footnotes":""},"class_list":["post-9297","page","type-page","status-publish","hentry","entry"],"_links":{"self":[{"href":"https:\/\/backup.luxury-drinks.com\/en\/wp-json\/wp\/v2\/pages\/9297","targetHints":{"allow":["GET"]}}],"collection":[{"href":"https:\/\/backup.luxury-drinks.com\/en\/wp-json\/wp\/v2\/pages"}],"about":[{"href":"https:\/\/backup.luxury-drinks.com\/en\/wp-json\/wp\/v2\/types\/page"}],"author":[{"embeddable":true,"href":"https:\/\/backup.luxury-drinks.com\/en\/wp-json\/wp\/v2\/users\/6"}],"replies":[{"embeddable":true,"href":"https:\/\/backup.luxury-drinks.com\/en\/wp-json\/wp\/v2\/comments?post=9297"}],"version-history":[{"count":0,"href":"https:\/\/backup.luxury-drinks.com\/en\/wp-json\/wp\/v2\/pages\/9297\/revisions"}],"wp:attachment":[{"href":"https:\/\/backup.luxury-drinks.com\/en\/wp-json\/wp\/v2\/media?parent=9297"}],"curies":[{"name":"wp","href":"https:\/\/api.w.org\/{rel}","templated":true}]}}