{"id":11218,"date":"2021-11-25T12:48:53","date_gmt":"2021-11-25T12:48:53","guid":{"rendered":"https:\/\/backup.luxury-drinks.com\/crystal-head\/"},"modified":"2021-11-25T13:02:26","modified_gmt":"2021-11-25T13:02:26","slug":"crystal-head","status":"publish","type":"page","link":"https:\/\/backup.luxury-drinks.com\/en\/crystal-head\/","title":{"rendered":"Crystal Head"},"content":{"rendered":"\t\t<div data-elementor-type=\"wp-page\" data-elementor-id=\"11218\" class=\"elementor elementor-11218 elementor-11195\" data-elementor-post-type=\"page\">\n\t\t\t\t\t\t<section class=\"elementor-section elementor-top-section elementor-element elementor-element-a19aafd elementor-section-content-middle elementor-section-boxed elementor-section-height-default elementor-section-height-default\" data-id=\"a19aafd\" data-element_type=\"section\" data-settings=\"{&quot;background_background&quot;:&quot;classic&quot;}\">\n\t\t\t\t\t\t<div class=\"elementor-container elementor-column-gap-no\">\n\t\t\t\t\t<div class=\"elementor-column elementor-col-100 elementor-top-column elementor-element elementor-element-03cb4b8\" data-id=\"03cb4b8\" data-element_type=\"column\" data-settings=\"{&quot;background_background&quot;:&quot;classic&quot;}\">\n\t\t\t<div class=\"elementor-widget-wrap elementor-element-populated\">\n\t\t\t\t\t\t<div class=\"elementor-element elementor-element-56d459e elementor-widget elementor-widget-image\" data-id=\"56d459e\" data-element_type=\"widget\" data-widget_type=\"image.default\">\n\t\t\t\t\t\t\t\t\t\t\t\t\t\t\t<img fetchpriority=\"high\" decoding=\"async\" width=\"300\" height=\"255\" src=\"https:\/\/backup.luxury-drinks.com\/wp-content\/uploads\/2021\/11\/Crystal-Head-Vodka-300x255.png\" class=\"attachment-medium size-medium wp-image-11202\" alt=\"\" srcset=\"https:\/\/backup.luxury-drinks.com\/wp-content\/uploads\/2021\/11\/Crystal-Head-Vodka-300x255.png 300w, https:\/\/backup.luxury-drinks.com\/wp-content\/uploads\/2021\/11\/Crystal-Head-Vodka.png 450w\" sizes=\"(max-width: 300px) 100vw, 300px\" \/>\t\t\t\t\t\t\t\t\t\t\t\t\t\t\t<\/div>\n\t\t\t\t<div class=\"elementor-element elementor-element-4d68dae elementor-view-default elementor-widget elementor-widget-icon\" data-id=\"4d68dae\" data-element_type=\"widget\" data-widget_type=\"icon.default\">\n\t\t\t\t\t\t\t<div class=\"elementor-icon-wrapper\">\n\t\t\t<a class=\"elementor-icon\" href=\"https:\/\/backup.luxury-drinks.com\/en\/distilled\/\">\n\t\t\t<svg aria-hidden=\"true\" class=\"e-font-icon-svg e-fas-arrow-left\" viewBox=\"0 0 448 512\" xmlns=\"http:\/\/www.w3.org\/2000\/svg\"><path d=\"M257.5 445.1l-22.2 22.2c-9.4 9.4-24.6 9.4-33.9 0L7 273c-9.4-9.4-9.4-24.6 0-33.9L201.4 44.7c9.4-9.4 24.6-9.4 33.9 0l22.2 22.2c9.5 9.5 9.3 25-.4 34.3L136.6 216H424c13.3 0 24 10.7 24 24v32c0 13.3-10.7 24-24 24H136.6l120.5 114.8c9.8 9.3 10 24.8.4 34.3z\"><\/path><\/svg>\t\t\t<\/a>\n\t\t<\/div>\n\t\t\t\t\t\t<\/div>\n\t\t\t\t<div class=\"elementor-element elementor-element-0d4d110 elementor-widget elementor-widget-text-editor\" data-id=\"0d4d110\" data-element_type=\"widget\" data-widget_type=\"text-editor.default\">\n\t\t\t\t\t\t\t\t\t<p>Creativity is at the heart of everything Crystal Head produces, so they create the purest, softest vodka with unique packaging and creative thinking.<\/p>\n<p>Crystal Head uses only the highest quality ingredients to create unique ultra-premium vodka expressions that are completely additive-free. Unlike other vodka brands, Crystal Head sees the world differently, without limitations.<\/p>\n<p>The Crystal Head bottle was designed with the creative spirit in mind where together, Dan Aykroyd and John Alexander, designed the iconic skull-shaped bottle as a symbol of life, reflecting power and enlightenment. <\/p>\n\t\t\t\t\t\t\t\t<\/div>\n\t\t\t\t<section class=\"elementor-section elementor-inner-section elementor-element elementor-element-7c8bc34 elementor-section-content-middle elementor-section-boxed elementor-section-height-default elementor-section-height-default\" data-id=\"7c8bc34\" data-element_type=\"section\">\n\t\t\t\t\t\t<div class=\"elementor-container elementor-column-gap-default\">\n\t\t\t\t\t<div class=\"elementor-column elementor-col-50 elementor-inner-column elementor-element elementor-element-589ea9e elementor-invisible\" data-id=\"589ea9e\" data-element_type=\"column\" data-settings=\"{&quot;animation&quot;:&quot;fadeInLeft&quot;}\">\n\t\t\t<div class=\"elementor-widget-wrap elementor-element-populated\">\n\t\t\t\t\t\t<div class=\"elementor-element elementor-element-1442006 elementor-widget elementor-widget-heading\" data-id=\"1442006\" data-element_type=\"widget\" data-widget_type=\"heading.default\">\n\t\t\t\t\t<h2 class=\"elementor-heading-title elementor-size-default\">Original<\/h2>\t\t\t\t<\/div>\n\t\t\t\t<div class=\"elementor-element elementor-element-05174a9 elementor-widget elementor-widget-text-editor\" data-id=\"05174a9\" data-element_type=\"widget\" data-widget_type=\"text-editor.default\">\n\t\t\t\t\t\t\t\t\t<p>Crystal Head Original is produced with corn from Canada, distilled four times in a spirit neutral grain and mixed with pure water from Newfoundland, Canada. It is filtered seven times, three of which are in layers of semiprecious crystals known as Herkimer diamonds.<\/p>\n<p>The iconic skull-shaped bottle is produced in Europe, where pieces of crystal are melted into the glass to ensure absolute clarity.<\/p>\n<p>Crystal Head Vodka offers a pure, clear and colourless spirit.<\/p>\n<p>The nose has neutral grain aromas with a delicate touch of citrus fruits and, on the palate, has a silky smooth texture with a touch of sweetness and vanilla, ending with a sweet and creamy finish.<\/p>\n\t\t\t\t\t\t\t\t<\/div>\n\t\t\t\t<div class=\"elementor-element elementor-element-ca925fe elementor-widget-divider--view-line elementor-widget elementor-widget-divider\" data-id=\"ca925fe\" data-element_type=\"widget\" data-widget_type=\"divider.default\">\n\t\t\t\t\t\t\t<div class=\"elementor-divider\">\n\t\t\t<span class=\"elementor-divider-separator\">\n\t\t\t\t\t\t<\/span>\n\t\t<\/div>\n\t\t\t\t\t\t<\/div>\n\t\t\t\t<div class=\"elementor-element elementor-element-4a1e455 elementor-view-framed elementor-shape-circle elementor-widget elementor-widget-icon\" data-id=\"4a1e455\" data-element_type=\"widget\" data-widget_type=\"icon.default\">\n\t\t\t\t\t\t\t<div class=\"elementor-icon-wrapper\">\n\t\t\t<div class=\"elementor-icon\">\n\t\t\t<svg xmlns=\"http:\/\/www.w3.org\/2000\/svg\" xmlns:xlink=\"http:\/\/www.w3.org\/1999\/xlink\" id=\"Capa_1\" x=\"0px\" y=\"0px\" viewBox=\"0 0 320.6 320.6\" style=\"enable-background:new 0 0 320.6 320.6;\" xml:space=\"preserve\"><style type=\"text\/css\">\t.st0{fill:#FAFFFA;}<\/style><g>\t<g id=\"Layer_5_90_\">\t\t<g>\t\t\t<path class=\"st0\" d=\"M139.2,124.5c12.4-13.4,19.2-31.4,19.2-50.7C158.4,37.1,132.2,0,82.1,0c-23.3,0-43,8-56.9,23.2     C12.9,36.6,6.2,54.6,6.2,73.8c0,36.7,26.1,73.8,76,73.8C105.5,147.6,125.3,139.6,139.2,124.5z M82.1,34.3     c27.4,0,39.9,20.5,39.9,39.5c0,10.4-3.5,19.9-9.8,27c-7.1,7.9-17.3,12-29.7,12c-28.1,0-41-20.5-41-39.5     C41.6,53.9,54.1,34.3,82.1,34.3z\"><\/path>\t\t\t<path class=\"st0\" d=\"M264.3,28.5c-4.5,0.1-10.7,2.9-13.8,6.3L25.2,285.3c-3,3.4-0.9,8.1,3.7,8.1h29.5c4.5,0,10.7-2.8,13.8-6.1     L296,36.8c3-3.4,2.8-8.9-4.7-8.9L264.3,28.5z\"><\/path>\t\t\t<path class=\"st0\" d=\"M239.6,175.8c-22.9,0-42.1,7.9-55.8,22.7c-12.1,13.2-18.7,30.8-18.7,49.7c0,36,25.6,72.4,74.5,72.4     c23,0,42.3-7.9,56-22.7c12.1-13.2,18.8-30.8,18.8-49.7C314.5,212.3,288.8,175.8,239.6,175.8z M240.1,287.4     c-27.4,0-39.8-20.6-39.8-39.6c0-10.4,3.5-20,9.8-27.1c7.1-7.9,17.3-12.1,29.6-12.1c27.4,0,39.8,20.6,39.8,39.7     c0,10.4-3.5,20-9.8,27.1C262.6,283.2,252.4,287.4,240.1,287.4z\"><\/path>\t\t<\/g>\t<\/g><\/g><\/svg>\t\t\t<\/div>\n\t\t<\/div>\n\t\t\t\t\t\t<\/div>\n\t\t\t\t<div class=\"elementor-element elementor-element-66feb47 elementor-widget elementor-widget-text-editor\" data-id=\"66feb47\" data-element_type=\"widget\" data-widget_type=\"text-editor.default\">\n\t\t\t\t\t\t\t\t\t<p style=\"text-align: center;\">40<\/p>\n\t\t\t\t\t\t\t\t<\/div>\n\t\t\t\t\t<\/div>\n\t\t<\/div>\n\t\t\t\t<div class=\"elementor-column elementor-col-50 elementor-inner-column elementor-element elementor-element-823449f elementor-invisible\" data-id=\"823449f\" data-element_type=\"column\" data-settings=\"{&quot;animation&quot;:&quot;fadeInRight&quot;}\">\n\t\t\t<div class=\"elementor-widget-wrap elementor-element-populated\">\n\t\t\t\t\t\t<div class=\"elementor-element elementor-element-dfa6d0b elementor-widget elementor-widget-image\" data-id=\"dfa6d0b\" data-element_type=\"widget\" data-widget_type=\"image.default\">\n\t\t\t\t\t\t\t\t\t\t\t\t\t\t\t<img decoding=\"async\" src=\"https:\/\/backup.luxury-drinks.com\/wp-content\/uploads\/elementor\/thumbs\/Crystal-Head-Vodka-Original-ql60npvyf4ihbkan872ba9trvtw761smb0732zhxq8.png\" title=\"Crystal Head Vodka Original\" alt=\"Crystal Head Vodka Original\" loading=\"lazy\" \/>\t\t\t\t\t\t\t\t\t\t\t\t\t\t\t<\/div>\n\t\t\t\t\t<\/div>\n\t\t<\/div>\n\t\t\t\t\t<\/div>\n\t\t<\/section>\n\t\t\t\t<div class=\"elementor-element elementor-element-d0d879a elementor-widget-divider--view-line elementor-invisible elementor-widget elementor-widget-divider\" data-id=\"d0d879a\" data-element_type=\"widget\" data-settings=\"{&quot;_animation&quot;:&quot;fadeIn&quot;}\" data-widget_type=\"divider.default\">\n\t\t\t\t\t\t\t<div class=\"elementor-divider\">\n\t\t\t<span class=\"elementor-divider-separator\">\n\t\t\t\t\t\t<\/span>\n\t\t<\/div>\n\t\t\t\t\t\t<\/div>\n\t\t\t\t<section class=\"elementor-section elementor-inner-section elementor-element elementor-element-5634898 elementor-section-content-middle elementor-section-boxed elementor-section-height-default elementor-section-height-default\" data-id=\"5634898\" data-element_type=\"section\">\n\t\t\t\t\t\t<div class=\"elementor-container elementor-column-gap-default\">\n\t\t\t\t\t<div class=\"elementor-column elementor-col-50 elementor-inner-column elementor-element elementor-element-79f1e69 elementor-invisible\" data-id=\"79f1e69\" data-element_type=\"column\" data-settings=\"{&quot;animation&quot;:&quot;fadeInLeft&quot;}\">\n\t\t\t<div class=\"elementor-widget-wrap elementor-element-populated\">\n\t\t\t\t\t\t<div class=\"elementor-element elementor-element-dc7b9fe elementor-widget elementor-widget-heading\" data-id=\"dc7b9fe\" data-element_type=\"widget\" data-widget_type=\"heading.default\">\n\t\t\t\t\t<h2 class=\"elementor-heading-title elementor-size-default\">Onyx<\/h2>\t\t\t\t<\/div>\n\t\t\t\t<div class=\"elementor-element elementor-element-93aa6e6 elementor-widget elementor-widget-text-editor\" data-id=\"93aa6e6\" data-element_type=\"widget\" data-widget_type=\"text-editor.default\">\n\t\t\t\t\t\t\t\t\t<p>Onyx is a unique new expression of Crystal Head, manufactured from premium agave Blue Weber and sourced from a single farm in Mexico.<\/p>\n<p>The bottle with its luxurious black finish and embossed cap matching the crest, is a celebration of the powerful crystal warrior, Onyx, sharing his powers of intuition, focus, positivity and protection to those who keep him around.  <\/p>\n<p>Com nuances de pimenta branca e notas c\u00edtricas no nariz, \u00e9 macia e suave com um toque de especiarias e do\u00e7ura que se desenvolvem num toque de terra subtil, mas inconfund\u00edvel, de agave. A medium finish to green grass, pepper and citrus fruits.<\/p>\n\t\t\t\t\t\t\t\t<\/div>\n\t\t\t\t<div class=\"elementor-element elementor-element-48e0499 elementor-widget-divider--view-line elementor-widget elementor-widget-divider\" data-id=\"48e0499\" data-element_type=\"widget\" data-widget_type=\"divider.default\">\n\t\t\t\t\t\t\t<div class=\"elementor-divider\">\n\t\t\t<span class=\"elementor-divider-separator\">\n\t\t\t\t\t\t<\/span>\n\t\t<\/div>\n\t\t\t\t\t\t<\/div>\n\t\t\t\t<div class=\"elementor-element elementor-element-1d5a68a elementor-view-framed elementor-shape-circle elementor-widget elementor-widget-icon\" data-id=\"1d5a68a\" data-element_type=\"widget\" data-widget_type=\"icon.default\">\n\t\t\t\t\t\t\t<div class=\"elementor-icon-wrapper\">\n\t\t\t<div class=\"elementor-icon\">\n\t\t\t<svg xmlns=\"http:\/\/www.w3.org\/2000\/svg\" xmlns:xlink=\"http:\/\/www.w3.org\/1999\/xlink\" id=\"Capa_1\" x=\"0px\" y=\"0px\" viewBox=\"0 0 320.6 320.6\" style=\"enable-background:new 0 0 320.6 320.6;\" xml:space=\"preserve\"><style type=\"text\/css\">\t.st0{fill:#FAFFFA;}<\/style><g>\t<g id=\"Layer_5_90_\">\t\t<g>\t\t\t<path class=\"st0\" d=\"M139.2,124.5c12.4-13.4,19.2-31.4,19.2-50.7C158.4,37.1,132.2,0,82.1,0c-23.3,0-43,8-56.9,23.2     C12.9,36.6,6.2,54.6,6.2,73.8c0,36.7,26.1,73.8,76,73.8C105.5,147.6,125.3,139.6,139.2,124.5z M82.1,34.3     c27.4,0,39.9,20.5,39.9,39.5c0,10.4-3.5,19.9-9.8,27c-7.1,7.9-17.3,12-29.7,12c-28.1,0-41-20.5-41-39.5     C41.6,53.9,54.1,34.3,82.1,34.3z\"><\/path>\t\t\t<path class=\"st0\" d=\"M264.3,28.5c-4.5,0.1-10.7,2.9-13.8,6.3L25.2,285.3c-3,3.4-0.9,8.1,3.7,8.1h29.5c4.5,0,10.7-2.8,13.8-6.1     L296,36.8c3-3.4,2.8-8.9-4.7-8.9L264.3,28.5z\"><\/path>\t\t\t<path class=\"st0\" d=\"M239.6,175.8c-22.9,0-42.1,7.9-55.8,22.7c-12.1,13.2-18.7,30.8-18.7,49.7c0,36,25.6,72.4,74.5,72.4     c23,0,42.3-7.9,56-22.7c12.1-13.2,18.8-30.8,18.8-49.7C314.5,212.3,288.8,175.8,239.6,175.8z M240.1,287.4     c-27.4,0-39.8-20.6-39.8-39.6c0-10.4,3.5-20,9.8-27.1c7.1-7.9,17.3-12.1,29.6-12.1c27.4,0,39.8,20.6,39.8,39.7     c0,10.4-3.5,20-9.8,27.1C262.6,283.2,252.4,287.4,240.1,287.4z\"><\/path>\t\t<\/g>\t<\/g><\/g><\/svg>\t\t\t<\/div>\n\t\t<\/div>\n\t\t\t\t\t\t<\/div>\n\t\t\t\t<div class=\"elementor-element elementor-element-9c789a2 elementor-widget elementor-widget-text-editor\" data-id=\"9c789a2\" data-element_type=\"widget\" data-widget_type=\"text-editor.default\">\n\t\t\t\t\t\t\t\t\t<p style=\"text-align: center;\">40<\/p>\n\t\t\t\t\t\t\t\t<\/div>\n\t\t\t\t\t<\/div>\n\t\t<\/div>\n\t\t\t\t<div class=\"elementor-column elementor-col-50 elementor-inner-column elementor-element elementor-element-bcb66ad elementor-invisible\" data-id=\"bcb66ad\" data-element_type=\"column\" data-settings=\"{&quot;animation&quot;:&quot;fadeInRight&quot;}\">\n\t\t\t<div class=\"elementor-widget-wrap elementor-element-populated\">\n\t\t\t\t\t\t<div class=\"elementor-element elementor-element-4f26ad7 elementor-widget elementor-widget-image\" data-id=\"4f26ad7\" data-element_type=\"widget\" data-widget_type=\"image.default\">\n\t\t\t\t\t\t\t\t\t\t\t\t\t\t\t<img decoding=\"async\" src=\"https:\/\/backup.luxury-drinks.com\/wp-content\/uploads\/elementor\/thumbs\/Crystal-Head-Vodka-Onyx-ql60npvyf4ihbkan872ba9trvtw761smb0732zhxq8.png\" title=\"Crystal Head Vodka Onyx\" alt=\"Crystal Head Vodka Onyx\" loading=\"lazy\" \/>\t\t\t\t\t\t\t\t\t\t\t\t\t\t\t<\/div>\n\t\t\t\t\t<\/div>\n\t\t<\/div>\n\t\t\t\t\t<\/div>\n\t\t<\/section>\n\t\t\t\t\t<\/div>\n\t\t<\/div>\n\t\t\t\t\t<\/div>\n\t\t<\/section>\n\t\t\t\t<\/div>\n\t\t","protected":false},"excerpt":{"rendered":"<p>Creativity is at the heart of everything Crystal Head produces, so they create the purest, softest vodka with unique packaging and creative thinking. Crystal Head uses only the highest quality ingredients to create unique ultra-premium vodka expressions that are completely additive-free. Unlike other vodka brands, Crystal Head sees the world differently, without limitations. The Crystal [&hellip;]<\/p>\n","protected":false},"author":1,"featured_media":0,"parent":0,"menu_order":0,"comment_status":"closed","ping_status":"closed","template":"elementor_canvas","meta":{"ocean_post_layout":"","ocean_both_sidebars_style":"","ocean_both_sidebars_content_width":0,"ocean_both_sidebars_sidebars_width":0,"ocean_sidebar":"0","ocean_second_sidebar":"0","ocean_disable_margins":"enable","ocean_add_body_class":"","ocean_shortcode_before_top_bar":"","ocean_shortcode_after_top_bar":"","ocean_shortcode_before_header":"","ocean_shortcode_after_header":"","ocean_has_shortcode":"","ocean_shortcode_after_title":"","ocean_shortcode_before_footer_widgets":"","ocean_shortcode_after_footer_widgets":"","ocean_shortcode_before_footer_bottom":"","ocean_shortcode_after_footer_bottom":"","ocean_display_top_bar":"default","ocean_display_header":"default","ocean_header_style":"","ocean_center_header_left_menu":"0","ocean_custom_header_template":"0","ocean_custom_logo":0,"ocean_custom_retina_logo":0,"ocean_custom_logo_max_width":0,"ocean_custom_logo_tablet_max_width":0,"ocean_custom_logo_mobile_max_width":0,"ocean_custom_logo_max_height":0,"ocean_custom_logo_tablet_max_height":0,"ocean_custom_logo_mobile_max_height":0,"ocean_header_custom_menu":"0","ocean_menu_typo_font_family":"0","ocean_menu_typo_font_subset":"","ocean_menu_typo_font_size":0,"ocean_menu_typo_font_size_tablet":0,"ocean_menu_typo_font_size_mobile":0,"ocean_menu_typo_font_size_unit":"px","ocean_menu_typo_font_weight":"","ocean_menu_typo_font_weight_tablet":"","ocean_menu_typo_font_weight_mobile":"","ocean_menu_typo_transform":"","ocean_menu_typo_transform_tablet":"","ocean_menu_typo_transform_mobile":"","ocean_menu_typo_line_height":0,"ocean_menu_typo_line_height_tablet":0,"ocean_menu_typo_line_height_mobile":0,"ocean_menu_typo_line_height_unit":"","ocean_menu_typo_spacing":0,"ocean_menu_typo_spacing_tablet":0,"ocean_menu_typo_spacing_mobile":0,"ocean_menu_typo_spacing_unit":"","ocean_menu_link_color":"","ocean_menu_link_color_hover":"","ocean_menu_link_color_active":"","ocean_menu_link_background":"","ocean_menu_link_hover_background":"","ocean_menu_link_active_background":"","ocean_menu_social_links_bg":"","ocean_menu_social_hover_links_bg":"","ocean_menu_social_links_color":"","ocean_menu_social_hover_links_color":"","ocean_disable_title":"default","ocean_disable_heading":"default","ocean_post_title":"","ocean_post_subheading":"","ocean_post_title_style":"","ocean_post_title_background_color":"","ocean_post_title_background":0,"ocean_post_title_bg_image_position":"","ocean_post_title_bg_image_attachment":"","ocean_post_title_bg_image_repeat":"","ocean_post_title_bg_image_size":"","ocean_post_title_height":0,"ocean_post_title_bg_overlay":0.5,"ocean_post_title_bg_overlay_color":"","ocean_disable_breadcrumbs":"default","ocean_breadcrumbs_color":"","ocean_breadcrumbs_separator_color":"","ocean_breadcrumbs_links_color":"","ocean_breadcrumbs_links_hover_color":"","ocean_display_footer_widgets":"default","ocean_display_footer_bottom":"default","ocean_custom_footer_template":"0","footnotes":""},"class_list":["post-11218","page","type-page","status-publish","hentry","entry"],"_links":{"self":[{"href":"https:\/\/backup.luxury-drinks.com\/en\/wp-json\/wp\/v2\/pages\/11218","targetHints":{"allow":["GET"]}}],"collection":[{"href":"https:\/\/backup.luxury-drinks.com\/en\/wp-json\/wp\/v2\/pages"}],"about":[{"href":"https:\/\/backup.luxury-drinks.com\/en\/wp-json\/wp\/v2\/types\/page"}],"author":[{"embeddable":true,"href":"https:\/\/backup.luxury-drinks.com\/en\/wp-json\/wp\/v2\/users\/1"}],"replies":[{"embeddable":true,"href":"https:\/\/backup.luxury-drinks.com\/en\/wp-json\/wp\/v2\/comments?post=11218"}],"version-history":[{"count":0,"href":"https:\/\/backup.luxury-drinks.com\/en\/wp-json\/wp\/v2\/pages\/11218\/revisions"}],"wp:attachment":[{"href":"https:\/\/backup.luxury-drinks.com\/en\/wp-json\/wp\/v2\/media?parent=11218"}],"curies":[{"name":"wp","href":"https:\/\/api.w.org\/{rel}","templated":true}]}}