{"id":10119,"date":"2021-05-25T16:50:28","date_gmt":"2021-05-25T16:50:28","guid":{"rendered":"https:\/\/backup.luxury-drinks.com\/rhone\/"},"modified":"2021-05-25T16:50:35","modified_gmt":"2021-05-25T16:50:35","slug":"rhone","status":"publish","type":"page","link":"https:\/\/backup.luxury-drinks.com\/en\/rhone\/","title":{"rendered":"Rh\u00f4ne"},"content":{"rendered":"\t\t<div data-elementor-type=\"wp-page\" data-elementor-id=\"10119\" class=\"elementor elementor-10119 elementor-89\" data-elementor-post-type=\"page\">\n\t\t\t\t\t\t<section class=\"elementor-section elementor-top-section elementor-element elementor-element-bd16bb1 elementor-section-content-middle elementor-section-boxed elementor-section-height-default elementor-section-height-default\" data-id=\"bd16bb1\" data-element_type=\"section\" data-settings=\"{&quot;background_background&quot;:&quot;classic&quot;}\">\n\t\t\t\t\t\t<div class=\"elementor-container elementor-column-gap-no\">\n\t\t\t\t\t<div class=\"elementor-column elementor-col-100 elementor-top-column elementor-element elementor-element-8ca0c71\" data-id=\"8ca0c71\" data-element_type=\"column\">\n\t\t\t<div class=\"elementor-widget-wrap elementor-element-populated\">\n\t\t\t\t\t\t<div class=\"elementor-element elementor-element-41e85a7 elementor-invisible elementor-widget elementor-widget-image\" data-id=\"41e85a7\" data-element_type=\"widget\" data-settings=\"{&quot;_animation&quot;:&quot;zoomIn&quot;}\" data-widget_type=\"image.default\">\n\t\t\t\t\t\t\t\t\t\t\t\t\t\t\t<img fetchpriority=\"high\" decoding=\"async\" width=\"300\" height=\"300\" src=\"https:\/\/backup.luxury-drinks.com\/wp-content\/uploads\/2020\/09\/logo.png\" class=\"attachment-medium size-medium wp-image-8703\" alt=\"\" srcset=\"https:\/\/backup.luxury-drinks.com\/wp-content\/uploads\/2020\/09\/logo.png 300w, https:\/\/backup.luxury-drinks.com\/wp-content\/uploads\/2020\/09\/logo-150x150.png 150w\" sizes=\"(max-width: 300px) 100vw, 300px\" \/>\t\t\t\t\t\t\t\t\t\t\t\t\t\t\t<\/div>\n\t\t\t\t<div class=\"elementor-element elementor-element-9c38a72 elementor-widget elementor-widget-heading\" data-id=\"9c38a72\" data-element_type=\"widget\" data-widget_type=\"heading.default\">\n\t\t\t\t\t<h1 class=\"elementor-heading-title elementor-size-default\">C\u00f4tes du Rh\u00f4ne<\/h1>\t\t\t\t<\/div>\n\t\t\t\t<div class=\"elementor-element elementor-element-2f1b453 elementor-invisible elementor-widget elementor-widget-text-editor\" data-id=\"2f1b453\" data-element_type=\"widget\" data-settings=\"{&quot;_animation&quot;:&quot;fadeIn&quot;}\" data-widget_type=\"text-editor.default\">\n\t\t\t\t\t\t\t\t\t<p>The Rh\u00f4ne River is one of the most important &#8220;rivers of wine&#8221; in the world. From its birth in the Swiss Alps to its delta in the Mediterranean Sea, this great river is bordering several very diverse wine regions, such as the Swiss Valais, famous for its Fendant du Valais; French Sav\u00f3ia, which produces sparkling wines in Seyssel; and, much further south, Ch\u00e2teauneuf-du-Pape, notable for its powerful and full-bodied reds. <\/p>\n<p>However, when we speak of The Rh\u00f4ne Valley (Vall\u00e9e du Rh\u00f4ne) or Slopes of the Rh\u00f4ne (C\u00f4tes du Rh\u00f4ne) referring to its most famous French part, which starts north in Vienne, and ends to the south, near Avignon.<\/p>\n<p>All indications are that it was the Romans who introduced viticulture into the region around the 1st century A.C. In his Natural History (year 71 d.C.), the famous Roman writer Pliny already refers and even praises the wines produced near Vienne. Today, the Rh\u00f4ne Valley is the second largest wine-producing vineyard in France, second only to Bordeaux. Region of great contrasts, it is custohered to divide the Valley into two parts that have climates, soils, terroirs, and varieties of diverse grapes: the Northern Rh\u00f4ne Valley and the Southern Rh\u00f4ne Valley  <\/p>\n\t\t\t\t\t\t\t\t<\/div>\n\t\t\t\t<div class=\"elementor-element elementor-element-70ba158 elementor-widget-divider--view-line elementor-invisible elementor-widget elementor-widget-divider\" data-id=\"70ba158\" data-element_type=\"widget\" data-settings=\"{&quot;_animation&quot;:&quot;fadeIn&quot;}\" data-widget_type=\"divider.default\">\n\t\t\t\t\t\t\t<div class=\"elementor-divider\">\n\t\t\t<span class=\"elementor-divider-separator\">\n\t\t\t\t\t\t<\/span>\n\t\t<\/div>\n\t\t\t\t\t\t<\/div>\n\t\t\t\t<section class=\"elementor-section elementor-inner-section elementor-element elementor-element-80ee3d5 elementor-section-boxed elementor-section-height-default elementor-section-height-default\" data-id=\"80ee3d5\" data-element_type=\"section\">\n\t\t\t\t\t\t<div class=\"elementor-container elementor-column-gap-default\">\n\t\t\t\t\t<div class=\"elementor-column elementor-col-100 elementor-inner-column elementor-element elementor-element-23b2d69\" data-id=\"23b2d69\" data-element_type=\"column\">\n\t\t\t<div class=\"elementor-widget-wrap elementor-element-populated\">\n\t\t\t\t\t\t<div class=\"elementor-element elementor-element-a1c8ddf elementor-invisible elementor-widget elementor-widget-theme-post-featured-image elementor-widget-image\" data-id=\"a1c8ddf\" data-element_type=\"widget\" data-settings=\"{&quot;_animation&quot;:&quot;fadeInLeft&quot;}\" data-widget_type=\"theme-post-featured-image.default\">\n\t\t\t\t\t\t\t\t\t\t\t\t<figure class=\"wp-caption\">\n\t\t\t\t\t\t\t\t\t\t\t<a href=\"https:\/\/backup.luxury-drinks.com\/paul-jaboulet-aine\/\">\n\t\t\t\t\t\t\t<img decoding=\"async\" width=\"400\" height=\"342\" src=\"https:\/\/backup.luxury-drinks.com\/wp-content\/uploads\/2021\/02\/Paul-Jaboulet-Aine.png\" class=\"elementor-animation-grow attachment-large size-large wp-image-4885\" alt=\"\" srcset=\"https:\/\/backup.luxury-drinks.com\/wp-content\/uploads\/2021\/02\/Paul-Jaboulet-Aine.png 400w, https:\/\/backup.luxury-drinks.com\/wp-content\/uploads\/2021\/02\/Paul-Jaboulet-Aine-300x257.png 300w\" sizes=\"(max-width: 400px) 100vw, 400px\" \/>\t\t\t\t\t\t\t\t<\/a>\n\t\t\t\t\t\t\t\t\t\t\t<figcaption class=\"widget-image-caption wp-caption-text\"><\/figcaption>\n\t\t\t\t\t\t\t\t\t\t<\/figure>\n\t\t\t\t\t\t\t\t\t<\/div>\n\t\t\t\t\t<\/div>\n\t\t<\/div>\n\t\t\t\t\t<\/div>\n\t\t<\/section>\n\t\t\t\t\t<\/div>\n\t\t<\/div>\n\t\t\t\t\t<\/div>\n\t\t<\/section>\n\t\t\t\t<\/div>\n\t\t","protected":false},"excerpt":{"rendered":"<p>C\u00f4tes du Rh\u00f4ne The Rh\u00f4ne River is one of the most important &#8220;rivers of wine&#8221; in the world. From its birth in the Swiss Alps to its delta in the Mediterranean Sea, this great river is bordering several very diverse wine regions, such as the Swiss Valais, famous for its Fendant du Valais; French Sav\u00f3ia, [&hellip;]<\/p>\n","protected":false},"author":6,"featured_media":0,"parent":0,"menu_order":0,"comment_status":"closed","ping_status":"closed","template":"elementor_canvas","meta":{"ocean_post_layout":"","ocean_both_sidebars_style":"","ocean_both_sidebars_content_width":0,"ocean_both_sidebars_sidebars_width":0,"ocean_sidebar":"0","ocean_second_sidebar":"0","ocean_disable_margins":"enable","ocean_add_body_class":"","ocean_shortcode_before_top_bar":"","ocean_shortcode_after_top_bar":"","ocean_shortcode_before_header":"","ocean_shortcode_after_header":"","ocean_has_shortcode":"","ocean_shortcode_after_title":"","ocean_shortcode_before_footer_widgets":"","ocean_shortcode_after_footer_widgets":"","ocean_shortcode_before_footer_bottom":"","ocean_shortcode_after_footer_bottom":"","ocean_display_top_bar":"default","ocean_display_header":"default","ocean_header_style":"","ocean_center_header_left_menu":"0","ocean_custom_header_template":"0","ocean_custom_logo":0,"ocean_custom_retina_logo":0,"ocean_custom_logo_max_width":0,"ocean_custom_logo_tablet_max_width":0,"ocean_custom_logo_mobile_max_width":0,"ocean_custom_logo_max_height":0,"ocean_custom_logo_tablet_max_height":0,"ocean_custom_logo_mobile_max_height":0,"ocean_header_custom_menu":"0","ocean_menu_typo_font_family":"0","ocean_menu_typo_font_subset":"","ocean_menu_typo_font_size":0,"ocean_menu_typo_font_size_tablet":0,"ocean_menu_typo_font_size_mobile":0,"ocean_menu_typo_font_size_unit":"px","ocean_menu_typo_font_weight":"","ocean_menu_typo_font_weight_tablet":"","ocean_menu_typo_font_weight_mobile":"","ocean_menu_typo_transform":"","ocean_menu_typo_transform_tablet":"","ocean_menu_typo_transform_mobile":"","ocean_menu_typo_line_height":0,"ocean_menu_typo_line_height_tablet":0,"ocean_menu_typo_line_height_mobile":0,"ocean_menu_typo_line_height_unit":"","ocean_menu_typo_spacing":0,"ocean_menu_typo_spacing_tablet":0,"ocean_menu_typo_spacing_mobile":0,"ocean_menu_typo_spacing_unit":"","ocean_menu_link_color":"","ocean_menu_link_color_hover":"","ocean_menu_link_color_active":"","ocean_menu_link_background":"","ocean_menu_link_hover_background":"","ocean_menu_link_active_background":"","ocean_menu_social_links_bg":"","ocean_menu_social_hover_links_bg":"","ocean_menu_social_links_color":"","ocean_menu_social_hover_links_color":"","ocean_disable_title":"default","ocean_disable_heading":"default","ocean_post_title":"","ocean_post_subheading":"","ocean_post_title_style":"","ocean_post_title_background_color":"","ocean_post_title_background":0,"ocean_post_title_bg_image_position":"","ocean_post_title_bg_image_attachment":"","ocean_post_title_bg_image_repeat":"","ocean_post_title_bg_image_size":"","ocean_post_title_height":0,"ocean_post_title_bg_overlay":0.5,"ocean_post_title_bg_overlay_color":"","ocean_disable_breadcrumbs":"default","ocean_breadcrumbs_color":"","ocean_breadcrumbs_separator_color":"","ocean_breadcrumbs_links_color":"","ocean_breadcrumbs_links_hover_color":"","ocean_display_footer_widgets":"default","ocean_display_footer_bottom":"default","ocean_custom_footer_template":"0","footnotes":""},"class_list":["post-10119","page","type-page","status-publish","hentry","entry"],"_links":{"self":[{"href":"https:\/\/backup.luxury-drinks.com\/en\/wp-json\/wp\/v2\/pages\/10119","targetHints":{"allow":["GET"]}}],"collection":[{"href":"https:\/\/backup.luxury-drinks.com\/en\/wp-json\/wp\/v2\/pages"}],"about":[{"href":"https:\/\/backup.luxury-drinks.com\/en\/wp-json\/wp\/v2\/types\/page"}],"author":[{"embeddable":true,"href":"https:\/\/backup.luxury-drinks.com\/en\/wp-json\/wp\/v2\/users\/6"}],"replies":[{"embeddable":true,"href":"https:\/\/backup.luxury-drinks.com\/en\/wp-json\/wp\/v2\/comments?post=10119"}],"version-history":[{"count":0,"href":"https:\/\/backup.luxury-drinks.com\/en\/wp-json\/wp\/v2\/pages\/10119\/revisions"}],"wp:attachment":[{"href":"https:\/\/backup.luxury-drinks.com\/en\/wp-json\/wp\/v2\/media?parent=10119"}],"curies":[{"name":"wp","href":"https:\/\/api.w.org\/{rel}","templated":true}]}}